{"id":789,"date":"2026-01-27T09:23:53","date_gmt":"2026-01-27T09:23:53","guid":{"rendered":"https:\/\/care-ability.eu\/resultados\/"},"modified":"2026-01-27T09:23:54","modified_gmt":"2026-01-27T09:23:54","slug":"resultados","status":"publish","type":"page","link":"https:\/\/care-ability.eu\/es\/resultados\/","title":{"rendered":"Resultados"},"content":{"rendered":"\t\t<div data-elementor-type=\"wp-page\" data-elementor-id=\"789\" class=\"elementor elementor-789 elementor-19\" data-elementor-post-type=\"page\">\n\t\t\t\t<div class=\"elementor-element elementor-element-7121393 e-flex e-con-boxed e-con e-parent\" data-id=\"7121393\" data-element_type=\"container\" data-e-type=\"container\">\n\t\t\t\t\t<div class=\"e-con-inner\">\n\t\t\t\t<div class=\"elementor-element elementor-element-3a8c2ca elementor-widget elementor-widget-image\" data-id=\"3a8c2ca\" data-element_type=\"widget\" data-e-type=\"widget\" data-widget_type=\"image.default\">\n\t\t\t\t<div class=\"elementor-widget-container\">\n\t\t\t\t\t\t\t\t\t\t\t\t\t\t\t<img fetchpriority=\"high\" decoding=\"async\" width=\"1538\" height=\"322\" src=\"https:\/\/care-ability.eu\/wp-content\/uploads\/2025\/11\/careability-results-image.png\" class=\"attachment-full size-full wp-image-561\" alt=\"\" srcset=\"https:\/\/care-ability.eu\/wp-content\/uploads\/2025\/11\/careability-results-image.png 1538w, https:\/\/care-ability.eu\/wp-content\/uploads\/2025\/11\/careability-results-image-300x63.png 300w, https:\/\/care-ability.eu\/wp-content\/uploads\/2025\/11\/careability-results-image-1024x214.png 1024w, https:\/\/care-ability.eu\/wp-content\/uploads\/2025\/11\/careability-results-image-768x161.png 768w, https:\/\/care-ability.eu\/wp-content\/uploads\/2025\/11\/careability-results-image-1536x322.png 1536w\" sizes=\"(max-width: 1538px) 100vw, 1538px\" \/>\t\t\t\t\t\t\t\t\t\t\t\t\t\t\t<\/div>\n\t\t\t\t<\/div>\n\t\t\t\t<div class=\"elementor-element elementor-element-a5db2fd elementor-widget elementor-widget-heading\" data-id=\"a5db2fd\" data-element_type=\"widget\" data-e-type=\"widget\" data-widget_type=\"heading.default\">\n\t\t\t\t<div class=\"elementor-widget-container\">\n\t\t\t\t\t<h2 class=\"elementor-heading-title elementor-size-default\">Resultados<\/h2>\t\t\t\t<\/div>\n\t\t\t\t<\/div>\n\t\t\t\t\t<\/div>\n\t\t\t\t<\/div>\n\t\t<div class=\"elementor-element elementor-element-c7ca967 e-flex e-con-boxed e-con e-parent\" data-id=\"c7ca967\" data-element_type=\"container\" data-e-type=\"container\">\n\t\t\t\t\t<div class=\"e-con-inner\">\n\t\t<div class=\"elementor-element elementor-element-1e39ca5 e-con-full e-flex e-con e-child\" data-id=\"1e39ca5\" data-element_type=\"container\" data-e-type=\"container\" id=\"BPHA\" data-settings=\"{&quot;background_background&quot;:&quot;classic&quot;}\">\n\t\t\t\t<div class=\"elementor-element elementor-element-3553ef2 elementor-widget elementor-widget-image\" data-id=\"3553ef2\" data-element_type=\"widget\" data-e-type=\"widget\" data-widget_type=\"image.default\">\n\t\t\t\t<div class=\"elementor-widget-container\">\n\t\t\t\t\t\t\t\t\t\t\t\t\t\t\t<img decoding=\"async\" width=\"731\" height=\"661\" src=\"https:\/\/care-ability.eu\/wp-content\/uploads\/2025\/11\/Best-Practices-Handbook-image.png\" class=\"attachment-large size-large wp-image-673\" alt=\"\" srcset=\"https:\/\/care-ability.eu\/wp-content\/uploads\/2025\/11\/Best-Practices-Handbook-image.png 731w, https:\/\/care-ability.eu\/wp-content\/uploads\/2025\/11\/Best-Practices-Handbook-image-300x271.png 300w\" sizes=\"(max-width: 731px) 100vw, 731px\" \/>\t\t\t\t\t\t\t\t\t\t\t\t\t\t\t<\/div>\n\t\t\t\t<\/div>\n\t\t\t\t<div class=\"elementor-element elementor-element-005847b elementor-widget elementor-widget-heading\" data-id=\"005847b\" data-element_type=\"widget\" data-e-type=\"widget\" data-widget_type=\"heading.default\">\n\t\t\t\t<div class=\"elementor-widget-container\">\n\t\t\t\t\t<h3 class=\"elementor-heading-title elementor-size-default\">Manual de Buenas Pr\u00e1cticas<\/h3>\t\t\t\t<\/div>\n\t\t\t\t<\/div>\n\t\t\t\t<div class=\"elementor-element elementor-element-95bf9cf elementor-widget elementor-widget-text-editor\" data-id=\"95bf9cf\" data-element_type=\"widget\" data-e-type=\"widget\" data-widget_type=\"text-editor.default\">\n\t\t\t\t<div class=\"elementor-widget-container\">\n\t\t\t\t\t\t\t\t\t<p>El Manual de Buenas Pr\u00e1cticas re\u00fane los m\u00e9todos m\u00e1s eficaces, conocimientos clave y ejemplos reales que apoyan el aprendizaje, la integraci\u00f3n y la empleabilidad de las mujeres migrantes en el sector de los cuidados. Ofrece orientaciones pr\u00e1cticas dirigidas a proveedores de Formaci\u00f3n Profesional, personal formador y organizaciones que trabajan con alumnado diverso, mostrando qu\u00e9 funciona realmente en una formaci\u00f3n profesional inclusiva. Dise\u00f1ado como una gu\u00eda digital accesible y f\u00e1cil de usar, ayuda a las y los profesionales de la educaci\u00f3n a reforzar sus programas y a ofrecer un apoyo de alta calidad centrado en la persona usuaria.<\/p>\n\t\t\t\t\t\t\t\t<\/div>\n\t\t\t\t<\/div>\n\t\t\t\t<\/div>\n\t\t<div class=\"elementor-element elementor-element-5219091 e-con-full e-flex e-con e-child\" data-id=\"5219091\" data-element_type=\"container\" data-e-type=\"container\" id=\"AISAT\" data-settings=\"{&quot;background_background&quot;:&quot;classic&quot;}\">\n\t\t\t\t<div class=\"elementor-element elementor-element-c483740 elementor-widget elementor-widget-image\" data-id=\"c483740\" data-element_type=\"widget\" data-e-type=\"widget\" data-widget_type=\"image.default\">\n\t\t\t\t<div class=\"elementor-widget-container\">\n\t\t\t\t\t\t\t\t\t\t\t\t\t\t\t<img decoding=\"async\" width=\"731\" height=\"661\" src=\"https:\/\/care-ability.eu\/wp-content\/uploads\/2025\/11\/AI-Self-Assessment-Tool-image.png\" class=\"attachment-large size-large wp-image-677\" alt=\"\" srcset=\"https:\/\/care-ability.eu\/wp-content\/uploads\/2025\/11\/AI-Self-Assessment-Tool-image.png 731w, https:\/\/care-ability.eu\/wp-content\/uploads\/2025\/11\/AI-Self-Assessment-Tool-image-300x271.png 300w\" sizes=\"(max-width: 731px) 100vw, 731px\" \/>\t\t\t\t\t\t\t\t\t\t\t\t\t\t\t<\/div>\n\t\t\t\t<\/div>\n\t\t\t\t<div class=\"elementor-element elementor-element-2963577 elementor-widget elementor-widget-heading\" data-id=\"2963577\" data-element_type=\"widget\" data-e-type=\"widget\" data-widget_type=\"heading.default\">\n\t\t\t\t<div class=\"elementor-widget-container\">\n\t\t\t\t\t<h3 class=\"elementor-heading-title elementor-size-default\">Herramienta de Autoevaluaci\u00f3n con IA<\/h3>\t\t\t\t<\/div>\n\t\t\t\t<\/div>\n\t\t\t\t<div class=\"elementor-element elementor-element-41cf5db elementor-widget elementor-widget-text-editor\" data-id=\"41cf5db\" data-element_type=\"widget\" data-e-type=\"widget\" data-widget_type=\"text-editor.default\">\n\t\t\t\t<div class=\"elementor-widget-container\">\n\t\t\t\t\t\t\t\t\t<p>La Herramienta de Autoevaluaci\u00f3n con IA proporciona a cada persona usuaria un punto de partida personalizado. A trav\u00e9s de pasos sencillos y guiados, la herramienta eval\u00faa competencias, identifica \u00e1reas de mejora y recomienda el itinerario formativo m\u00e1s adecuado, tanto para personas que se inician en el aprendizaje como para personal formador con experiencia en FP\/VET. Mediante el uso de inteligencia artificial, ofrece retroalimentaci\u00f3n precisa y adaptada, ahorrando tiempo y reforzando la confianza. Constituye una potente puerta de entrada al Programa de Formaci\u00f3n, ayudando a cada persona a comprender con claridad qu\u00e9 necesita para seguir desarroll\u00e1ndose.<\/p>\n\t\t\t\t\t\t\t\t<\/div>\n\t\t\t\t<\/div>\n\t\t\t\t<\/div>\n\t\t\t\t\t<\/div>\n\t\t\t\t<\/div>\n\t\t<div class=\"elementor-element elementor-element-c3b1479 e-flex e-con-boxed e-con e-parent\" data-id=\"c3b1479\" data-element_type=\"container\" data-e-type=\"container\">\n\t\t\t\t\t<div class=\"e-con-inner\">\n\t\t<div class=\"elementor-element elementor-element-0e8f3e2 e-con-full e-flex e-con e-child\" data-id=\"0e8f3e2\" data-element_type=\"container\" data-e-type=\"container\" id=\"AIDGLT\" data-settings=\"{&quot;background_background&quot;:&quot;classic&quot;}\">\n\t\t\t\t<div class=\"elementor-element elementor-element-b74178f elementor-widget elementor-widget-image\" data-id=\"b74178f\" data-element_type=\"widget\" data-e-type=\"widget\" data-widget_type=\"image.default\">\n\t\t\t\t<div class=\"elementor-widget-container\">\n\t\t\t\t\t\t\t\t\t\t\t\t\t\t\t<img loading=\"lazy\" decoding=\"async\" width=\"731\" height=\"661\" src=\"https:\/\/care-ability.eu\/wp-content\/uploads\/2025\/11\/AI-driven-Gamified-Learning-Tool-image.png\" class=\"attachment-large size-large wp-image-681\" alt=\"\" srcset=\"https:\/\/care-ability.eu\/wp-content\/uploads\/2025\/11\/AI-driven-Gamified-Learning-Tool-image.png 731w, https:\/\/care-ability.eu\/wp-content\/uploads\/2025\/11\/AI-driven-Gamified-Learning-Tool-image-300x271.png 300w\" sizes=\"(max-width: 731px) 100vw, 731px\" \/>\t\t\t\t\t\t\t\t\t\t\t\t\t\t\t<\/div>\n\t\t\t\t<\/div>\n\t\t\t\t<div class=\"elementor-element elementor-element-986d184 elementor-widget elementor-widget-heading\" data-id=\"986d184\" data-element_type=\"widget\" data-e-type=\"widget\" data-widget_type=\"heading.default\">\n\t\t\t\t<div class=\"elementor-widget-container\">\n\t\t\t\t\t<h3 class=\"elementor-heading-title elementor-size-default\">Herramienta de Aprendizaje Gamificado con IA<\/h3>\t\t\t\t<\/div>\n\t\t\t\t<\/div>\n\t\t\t\t<div class=\"elementor-element elementor-element-1ec1b06 elementor-widget elementor-widget-text-editor\" data-id=\"1ec1b06\" data-element_type=\"widget\" data-e-type=\"widget\" data-widget_type=\"text-editor.default\">\n\t\t\t\t<div class=\"elementor-widget-container\">\n\t\t\t\t\t\t\t\t\t<p>La Herramienta de Aprendizaje Gamificado con IA transforma la formaci\u00f3n en una experiencia atractiva y motivadora. A trav\u00e9s de actividades interactivas, recompensas y retos personalizados, mantiene a las personas participantes activas e implicadas, al tiempo que refuerza competencias esenciales en el \u00e1mbito de los cuidados. Su motor de inteligencia artificial se adapta al ritmo y a las necesidades de cada persona usuaria, haciendo que el aprendizaje sea inclusivo, agradable y eficaz tanto para mujeres migrantes como para personal formador. Esta herramienta da vida a la formaci\u00f3n digital moderna y apoya el desarrollo de competencias de una forma natural y empoderadora.<\/p>\n\t\t\t\t\t\t\t\t<\/div>\n\t\t\t\t<\/div>\n\t\t\t\t<\/div>\n\t\t<div class=\"elementor-element elementor-element-8c36841 e-con-full e-flex e-con e-child\" data-id=\"8c36841\" data-element_type=\"container\" data-e-type=\"container\" id=\"TRPR\" data-settings=\"{&quot;background_background&quot;:&quot;classic&quot;}\">\n\t\t\t\t<div class=\"elementor-element elementor-element-8f114e3 elementor-widget elementor-widget-image\" data-id=\"8f114e3\" data-element_type=\"widget\" data-e-type=\"widget\" data-widget_type=\"image.default\">\n\t\t\t\t<div class=\"elementor-widget-container\">\n\t\t\t\t\t\t\t\t\t\t\t\t\t\t\t<img loading=\"lazy\" decoding=\"async\" width=\"731\" height=\"661\" src=\"https:\/\/care-ability.eu\/wp-content\/uploads\/2025\/11\/Training-Programme-image.png\" class=\"attachment-large size-large wp-image-669\" alt=\"\" srcset=\"https:\/\/care-ability.eu\/wp-content\/uploads\/2025\/11\/Training-Programme-image.png 731w, https:\/\/care-ability.eu\/wp-content\/uploads\/2025\/11\/Training-Programme-image-300x271.png 300w\" sizes=\"(max-width: 731px) 100vw, 731px\" \/>\t\t\t\t\t\t\t\t\t\t\t\t\t\t\t<\/div>\n\t\t\t\t<\/div>\n\t\t\t\t<div class=\"elementor-element elementor-element-cc2d599 elementor-widget elementor-widget-heading\" data-id=\"cc2d599\" data-element_type=\"widget\" data-e-type=\"widget\" data-widget_type=\"heading.default\">\n\t\t\t\t<div class=\"elementor-widget-container\">\n\t\t\t\t\t<h3 class=\"elementor-heading-title elementor-size-default\">Programa de Formaci\u00f3n<\/h3>\t\t\t\t<\/div>\n\t\t\t\t<\/div>\n\t\t\t\t<div class=\"elementor-element elementor-element-4d35fe1 elementor-widget elementor-widget-text-editor\" data-id=\"4d35fe1\" data-element_type=\"widget\" data-e-type=\"widget\" data-widget_type=\"text-editor.default\">\n\t\t\t\t<div class=\"elementor-widget-container\">\n\t\t\t\t\t\t\t\t\t<p>El Programa de Formaci\u00f3n ofrece un itinerario de aprendizaje claro, flexible y accesible tanto para mujeres migrantes como para personal formador de FP\/VET. Integra m\u00f3dulos digitales, competencias aplicables al entorno real e pr\u00e1cticas docentes inclusivas que responden a las necesidades del sector sociosanitario. Con el apoyo de la <strong>Herramienta de Autoevaluaci\u00f3n con IA<\/strong>, cada persona usuaria es orientada hacia los contenidos que mejor se ajustan a su perfil y experiencia, ya sea para quienes se incorporan al \u00e1mbito de los cuidados o para formadoras y formadores que desean reforzar sus metodolog\u00edas de ense\u00f1anza. El programa incluye adem\u00e1s el <strong>Kit de Recursos para Formadores<\/strong> <strong>y Formadoras<\/strong>, que ofrece materiales listos para su uso y orientaciones pr\u00e1cticas. En conjunto, estas herramientas crean una experiencia formativa motivadora, personalizada y de apoyo, que conduce a oportunidades reales y al fortalecimiento de la capacidad profesional.<\/p>\n\t\t\t\t\t\t\t\t<\/div>\n\t\t\t\t<\/div>\n\t\t\t\t<\/div>\n\t\t\t\t\t<\/div>\n\t\t\t\t<\/div>\n\t\t\t\t<\/div>\n\t\t","protected":false},"excerpt":{"rendered":"<p>Resultados Manual de Buenas Pr\u00e1cticas El Manual de Buenas Pr\u00e1cticas re\u00fane los m\u00e9todos m\u00e1s eficaces, conocimientos clave y ejemplos reales que apoyan el aprendizaje, la integraci\u00f3n y la empleabilidad de las mujeres migrantes en el sector de los cuidados. Ofrece orientaciones pr\u00e1cticas dirigidas a proveedores de Formaci\u00f3n Profesional, personal formador y organizaciones que trabajan con [&hellip;]<\/p>\n","protected":false},"author":3,"featured_media":649,"parent":0,"menu_order":0,"comment_status":"closed","ping_status":"closed","template":"","meta":{"footnotes":""},"class_list":["post-789","page","type-page","status-publish","has-post-thumbnail","hentry"],"_links":{"self":[{"href":"https:\/\/care-ability.eu\/es\/wp-json\/wp\/v2\/pages\/789","targetHints":{"allow":["GET"]}}],"collection":[{"href":"https:\/\/care-ability.eu\/es\/wp-json\/wp\/v2\/pages"}],"about":[{"href":"https:\/\/care-ability.eu\/es\/wp-json\/wp\/v2\/types\/page"}],"author":[{"embeddable":true,"href":"https:\/\/care-ability.eu\/es\/wp-json\/wp\/v2\/users\/3"}],"replies":[{"embeddable":true,"href":"https:\/\/care-ability.eu\/es\/wp-json\/wp\/v2\/comments?post=789"}],"version-history":[{"count":1,"href":"https:\/\/care-ability.eu\/es\/wp-json\/wp\/v2\/pages\/789\/revisions"}],"predecessor-version":[{"id":790,"href":"https:\/\/care-ability.eu\/es\/wp-json\/wp\/v2\/pages\/789\/revisions\/790"}],"wp:featuredmedia":[{"embeddable":true,"href":"https:\/\/care-ability.eu\/es\/wp-json\/wp\/v2\/media\/649"}],"wp:attachment":[{"href":"https:\/\/care-ability.eu\/es\/wp-json\/wp\/v2\/media?parent=789"}],"curies":[{"name":"wp","href":"https:\/\/api.w.org\/{rel}","templated":true}]}}