{"id":847,"date":"2026-01-27T10:42:23","date_gmt":"2026-01-27T10:42:23","guid":{"rendered":"https:\/\/care-ability.eu\/aktuelles\/"},"modified":"2026-01-27T10:42:23","modified_gmt":"2026-01-27T10:42:23","slug":"aktuelles","status":"publish","type":"page","link":"https:\/\/care-ability.eu\/de\/aktuelles\/","title":{"rendered":"Aktuelles"},"content":{"rendered":"\t\t<div data-elementor-type=\"wp-page\" data-elementor-id=\"847\" class=\"elementor elementor-847 elementor-48\" data-elementor-post-type=\"page\">\n\t\t\t\t<div class=\"elementor-element elementor-element-422b759 e-flex e-con-boxed e-con e-parent\" data-id=\"422b759\" data-element_type=\"container\" data-e-type=\"container\">\n\t\t\t\t\t<div class=\"e-con-inner\">\n\t\t\t\t<div class=\"elementor-element elementor-element-fbee55b elementor-widget elementor-widget-image\" data-id=\"fbee55b\" data-element_type=\"widget\" data-e-type=\"widget\" data-widget_type=\"image.default\">\n\t\t\t\t<div class=\"elementor-widget-container\">\n\t\t\t\t\t\t\t\t\t\t\t\t\t\t\t<img fetchpriority=\"high\" decoding=\"async\" width=\"1522\" height=\"348\" src=\"https:\/\/care-ability.eu\/wp-content\/uploads\/2025\/11\/careability-news-image.png\" class=\"attachment-full size-full wp-image-570\" alt=\"\" srcset=\"https:\/\/care-ability.eu\/wp-content\/uploads\/2025\/11\/careability-news-image.png 1522w, https:\/\/care-ability.eu\/wp-content\/uploads\/2025\/11\/careability-news-image-300x69.png 300w, https:\/\/care-ability.eu\/wp-content\/uploads\/2025\/11\/careability-news-image-1024x234.png 1024w, https:\/\/care-ability.eu\/wp-content\/uploads\/2025\/11\/careability-news-image-768x176.png 768w\" sizes=\"(max-width: 1522px) 100vw, 1522px\" \/>\t\t\t\t\t\t\t\t\t\t\t\t\t\t\t<\/div>\n\t\t\t\t<\/div>\n\t\t\t\t<div class=\"elementor-element elementor-element-3f32a30 elementor-widget elementor-widget-heading\" data-id=\"3f32a30\" data-element_type=\"widget\" data-e-type=\"widget\" data-widget_type=\"heading.default\">\n\t\t\t\t<div class=\"elementor-widget-container\">\n\t\t\t\t\t<h2 class=\"elementor-heading-title elementor-size-default\">Aktuelles<\/h2>\t\t\t\t<\/div>\n\t\t\t\t<\/div>\n\t\t\t\t<div class=\"elementor-element elementor-element-b2d0d42 elementor-widget__width-initial elementor-widget elementor-widget-text-editor\" data-id=\"b2d0d42\" data-element_type=\"widget\" data-e-type=\"widget\" data-widget_type=\"text-editor.default\">\n\t\t\t\t<div class=\"elementor-widget-container\">\n\t\t\t\t\t\t\t\t\t<p>In diesem Bereich werden regelm\u00e4\u00dfig Artikel zu Neuigkeiten und Aktivit\u00e4ten des Projekts ver\u00f6ffentlicht. Sie informieren \u00fcber laufende Ma\u00dfnahmen, wichtige Meilensteine, Veranstaltungen sowie neu entwickelte Ergebnisse. Die Rubrik h\u00e4lt Interessierte und die breite \u00d6ffentlichkeit w\u00e4hrend der gesamten Projektlaufzeit \u00fcber den Fortschritt und die zentralen Erfolge von CARE-ABILITY auf dem Laufenden.<\/p>\n\t\t\t\t\t\t\t\t<\/div>\n\t\t\t\t<\/div>\n\t\t\t\t\t<\/div>\n\t\t\t\t<\/div>\n\t\t<div class=\"elementor-element elementor-element-c70a19e e-flex e-con-boxed e-con e-parent\" data-id=\"c70a19e\" data-element_type=\"container\" data-e-type=\"container\">\n\t\t\t\t\t<div class=\"e-con-inner\">\n\t\t\t\t<div class=\"elementor-element elementor-element-4df30e3 elementor-grid-4 elementor-grid-laptop-2 elementor-grid-tablet-2 elementor-grid-mobile-1 elementor-widget elementor-widget-loop-grid\" data-id=\"4df30e3\" data-element_type=\"widget\" data-e-type=\"widget\" data-settings=\"{&quot;template_id&quot;:926,&quot;columns&quot;:4,&quot;columns_laptop&quot;:2,&quot;_skin&quot;:&quot;post&quot;,&quot;columns_tablet&quot;:&quot;2&quot;,&quot;columns_mobile&quot;:&quot;1&quot;,&quot;edit_handle_selector&quot;:&quot;[data-elementor-type=\\&quot;loop-item\\&quot;]&quot;,&quot;row_gap&quot;:{&quot;unit&quot;:&quot;px&quot;,&quot;size&quot;:&quot;&quot;,&quot;sizes&quot;:[]},&quot;row_gap_laptop&quot;:{&quot;unit&quot;:&quot;px&quot;,&quot;size&quot;:&quot;&quot;,&quot;sizes&quot;:[]},&quot;row_gap_tablet&quot;:{&quot;unit&quot;:&quot;px&quot;,&quot;size&quot;:&quot;&quot;,&quot;sizes&quot;:[]},&quot;row_gap_mobile&quot;:{&quot;unit&quot;:&quot;px&quot;,&quot;size&quot;:&quot;&quot;,&quot;sizes&quot;:[]}}\" data-widget_type=\"loop-grid.post\">\n\t\t\t\t<div class=\"elementor-widget-container\">\n\t\t\t\t\t\t\t<div class=\"elementor-loop-container elementor-grid\" role=\"list\">\n\t\t<style id=\"loop-dynamic-926\">.e-loop-item-1339 .elementor-element.elementor-element-3c7ed70:not(.elementor-motion-effects-element-type-background), .e-loop-item-1339 .elementor-element.elementor-element-3c7ed70 > .elementor-motion-effects-container > .elementor-motion-effects-layer{background-image:url(\"https:\/\/care-ability.eu\/wp-content\/uploads\/2026\/04\/17.04.26_feat.png\");}<\/style><style id=\"loop-926\">.elementor-926 .elementor-element.elementor-element-3c7ed70{--display:flex;--min-height:340px;--flex-direction:column;--container-widget-width:100%;--container-widget-height:initial;--container-widget-flex-grow:0;--container-widget-align-self:initial;--flex-wrap-mobile:wrap;--justify-content:flex-end;}.elementor-926 .elementor-element.elementor-element-c8d7c94{--display:flex;}.elementor-widget-post-info .elementor-icon-list-item:not(:last-child):after{border-color:var( --e-global-color-text );}.elementor-widget-post-info .elementor-icon-list-icon i{color:var( --e-global-color-primary );}.elementor-widget-post-info .elementor-icon-list-icon svg{fill:var( --e-global-color-primary );}.elementor-widget-post-info .elementor-icon-list-text, .elementor-widget-post-info .elementor-icon-list-text a{color:var( --e-global-color-secondary );}.elementor-widget-post-info .elementor-icon-list-item{font-family:var( --e-global-typography-text-font-family ), Sans-serif;font-weight:var( --e-global-typography-text-font-weight );}.elementor-926 .elementor-element.elementor-element-1d3d40f .elementor-icon-list-icon i{color:var( --e-global-color-f3c739f );font-size:14px;}.elementor-926 .elementor-element.elementor-element-1d3d40f .elementor-icon-list-icon svg{fill:var( --e-global-color-f3c739f );--e-icon-list-icon-size:14px;}.elementor-926 .elementor-element.elementor-element-1d3d40f .elementor-icon-list-icon{width:14px;}.elementor-926 .elementor-element.elementor-element-1d3d40f .elementor-icon-list-text, .elementor-926 .elementor-element.elementor-element-1d3d40f .elementor-icon-list-text a{color:var( --e-global-color-f3c739f );}.elementor-926 .elementor-element.elementor-element-1d3d40f .elementor-icon-list-item{font-family:\"Commissioner\", Sans-serif;font-size:0.8em;font-weight:300;}.elementor-widget-theme-post-title .elementor-heading-title{font-family:var( --e-global-typography-primary-font-family ), Sans-serif;font-weight:var( --e-global-typography-primary-font-weight );color:var( --e-global-color-primary );}.elementor-926 .elementor-element.elementor-element-5867e96 .elementor-heading-title{color:var( --e-global-color-f3c739f );}.elementor-widget-button .elementor-button{font-family:var( --e-global-typography-accent-font-family ), Sans-serif;font-weight:var( --e-global-typography-accent-font-weight );background-color:var( --e-global-color-accent );}.elementor-926 .elementor-element.elementor-element-7532d2a .elementor-button{fill:var( --e-global-color-primary );color:var( --e-global-color-primary );background-color:var( --e-global-color-f3c739f );border-radius:20px 20px 0px 20px;padding:8px 10px 8px 10px;}.elementor-926 .elementor-element.elementor-element-7532d2a .elementor-button:hover, .elementor-926 .elementor-element.elementor-element-7532d2a .elementor-button:focus{color:var( --e-global-color-7f11e3e );background-color:var( --e-global-color-secondary );}.elementor-926 .elementor-element.elementor-element-7532d2a .elementor-button:hover svg, .elementor-926 .elementor-element.elementor-element-7532d2a .elementor-button:focus svg{fill:var( --e-global-color-7f11e3e );}\/* Start custom CSS for container, class: .elementor-element-3c7ed70 *\/.card-zoom{\r\n  position: relative;\r\n  overflow: hidden;\r\n  border-radius: .8rem;\r\n}\r\n.card-zoom::before{\r\n  content:\"\";\r\n  position:absolute; inset:0;\r\n  background: inherit !important;\r\n  background-size: cover !important;\r\n  background-position: center !important;\r\n  background-repeat: no-repeat !important;\r\n  transition: transform .6s cubic-bezier(.2,.6,.2,1);\r\n  will-change: transform;\r\n  z-index: 0;\r\n  border-radius: .8rem;\r\n}\r\n.card-zoom:hover::before{ transform: scale(1.08); }\r\n\r\n\/* Gradient \u03bc\u03b5 #1C3664 \u03b1\u03c0\u03cc \u03ba\u03ac\u03c4\u03c9 \u03c0\u03c1\u03bf\u03c2 \u03c4\u03b1 \u03c0\u03ac\u03bd\u03c9 *\/\r\n.card-zoom::after{\r\n  content:\"\";\r\n  position:absolute; inset:0;\r\n  pointer-events:none;\r\n  z-index: 1;\r\n  border-radius: .8rem;\r\n  background: linear-gradient(\r\n    to top,\r\n    rgba(25,54,97,0.90) 30%,\r\n    rgba(25,54,97,0.00) 70%\r\n  );\r\n}\r\n\r\n.card-zoom > *{ position: relative; z-index: 2; }\/* End custom CSS *\/<\/style>\t\t<div data-elementor-type=\"loop-item\" data-elementor-id=\"926\" class=\"elementor elementor-926 elementor-88 elementor-88 e-loop-item e-loop-item-1339 post-1339 post type-post status-publish format-standard has-post-thumbnail hentry category-11\" data-elementor-post-type=\"elementor_library\" data-custom-edit-handle=\"1\">\n\t\t\t<div class=\"elementor-element elementor-element-3c7ed70 card-zoom e-flex e-con-boxed e-con e-parent\" data-id=\"3c7ed70\" data-element_type=\"container\" data-e-type=\"container\" data-settings=\"{&quot;background_background&quot;:&quot;classic&quot;}\">\n\t\t\t\t\t<div class=\"e-con-inner\">\n\t\t<div class=\"elementor-element elementor-element-c8d7c94 e-con-full e-flex e-con e-child\" data-id=\"c8d7c94\" data-element_type=\"container\" data-e-type=\"container\">\n\t\t\t\t<div class=\"elementor-element elementor-element-1d3d40f elementor-widget elementor-widget-post-info\" data-id=\"1d3d40f\" data-element_type=\"widget\" data-e-type=\"widget\" data-widget_type=\"post-info.default\">\n\t\t\t\t<div class=\"elementor-widget-container\">\n\t\t\t\t\t\t\t<ul class=\"elementor-inline-items elementor-icon-list-items elementor-post-info\">\n\t\t\t\t\t\t\t\t<li class=\"elementor-icon-list-item elementor-repeater-item-c2c3ab2 elementor-inline-item\" itemprop=\"datePublished\">\n\t\t\t\t\t\t<a href=\"https:\/\/care-ability.eu\/de\/2026\/04\/17\/\">\n\t\t\t\t\t\t\t\t\t\t\t<span class=\"elementor-icon-list-icon\">\n\t\t\t\t\t\t\t\t<i aria-hidden=\"true\" class=\"fas fa-calendar\"><\/i>\t\t\t\t\t\t\t<\/span>\n\t\t\t\t\t\t\t\t\t<span class=\"elementor-icon-list-text elementor-post-info__item elementor-post-info__item--type-date\">\n\t\t\t\t\t\t\t\t\t\t<time>17\/04\/2026<\/time>\t\t\t\t\t<\/span>\n\t\t\t\t\t\t\t\t\t<\/a>\n\t\t\t\t<\/li>\n\t\t\t\t<\/ul>\n\t\t\t\t\t\t<\/div>\n\t\t\t\t<\/div>\n\t\t\t\t<div class=\"elementor-element elementor-element-5867e96 elementor-widget elementor-widget-theme-post-title elementor-page-title elementor-widget-heading\" data-id=\"5867e96\" data-element_type=\"widget\" data-e-type=\"widget\" data-widget_type=\"theme-post-title.default\">\n\t\t\t\t<div class=\"elementor-widget-container\">\n\t\t\t\t\t<h4 class=\"elementor-heading-title elementor-size-default\">Strengthening Inclusive VET Systems: A Call for Educators and Policymakers<\/h4>\t\t\t\t<\/div>\n\t\t\t\t<\/div>\n\t\t\t\t<div class=\"elementor-element elementor-element-7532d2a elementor-widget elementor-widget-button\" data-id=\"7532d2a\" data-element_type=\"widget\" data-e-type=\"widget\" data-widget_type=\"button.default\">\n\t\t\t\t<div class=\"elementor-widget-container\">\n\t\t\t\t\t\t\t\t\t<div class=\"elementor-button-wrapper\">\n\t\t\t\t\t<a class=\"elementor-button elementor-button-link elementor-size-sm\" href=\"https:\/\/care-ability.eu\/de\/strengthening-inclusive-vet-systems-a-call-for-educators-and-policymakers\/\">\n\t\t\t\t\t\t<span class=\"elementor-button-content-wrapper\">\n\t\t\t\t\t\t\t\t\t<span class=\"elementor-button-text\">weiterlesen<\/span>\n\t\t\t\t\t<\/span>\n\t\t\t\t\t<\/a>\n\t\t\t\t<\/div>\n\t\t\t\t\t\t\t\t<\/div>\n\t\t\t\t<\/div>\n\t\t\t\t<\/div>\n\t\t\t\t\t<\/div>\n\t\t\t\t<\/div>\n\t\t\t\t<\/div>\n\t\t<style id=\"loop-dynamic-926\">.e-loop-item-1271 .elementor-element.elementor-element-3c7ed70:not(.elementor-motion-effects-element-type-background), .e-loop-item-1271 .elementor-element.elementor-element-3c7ed70 > .elementor-motion-effects-container > .elementor-motion-effects-layer{background-image:url(\"https:\/\/care-ability.eu\/wp-content\/uploads\/2026\/03\/23.03.26.png\");}<\/style>\t\t<div data-elementor-type=\"loop-item\" data-elementor-id=\"926\" class=\"elementor elementor-926 elementor-88 elementor-88 e-loop-item e-loop-item-1271 post-1271 post type-post status-publish format-standard has-post-thumbnail hentry category-11\" data-elementor-post-type=\"elementor_library\" data-custom-edit-handle=\"1\">\n\t\t\t<div class=\"elementor-element elementor-element-3c7ed70 card-zoom e-flex e-con-boxed e-con e-parent\" data-id=\"3c7ed70\" data-element_type=\"container\" data-e-type=\"container\" data-settings=\"{&quot;background_background&quot;:&quot;classic&quot;}\">\n\t\t\t\t\t<div class=\"e-con-inner\">\n\t\t<div class=\"elementor-element elementor-element-c8d7c94 e-con-full e-flex e-con e-child\" data-id=\"c8d7c94\" data-element_type=\"container\" data-e-type=\"container\">\n\t\t\t\t<div class=\"elementor-element elementor-element-1d3d40f elementor-widget elementor-widget-post-info\" data-id=\"1d3d40f\" data-element_type=\"widget\" data-e-type=\"widget\" data-widget_type=\"post-info.default\">\n\t\t\t\t<div class=\"elementor-widget-container\">\n\t\t\t\t\t\t\t<ul class=\"elementor-inline-items elementor-icon-list-items elementor-post-info\">\n\t\t\t\t\t\t\t\t<li class=\"elementor-icon-list-item elementor-repeater-item-c2c3ab2 elementor-inline-item\" itemprop=\"datePublished\">\n\t\t\t\t\t\t<a href=\"https:\/\/care-ability.eu\/de\/2026\/03\/23\/\">\n\t\t\t\t\t\t\t\t\t\t\t<span class=\"elementor-icon-list-icon\">\n\t\t\t\t\t\t\t\t<i aria-hidden=\"true\" class=\"fas fa-calendar\"><\/i>\t\t\t\t\t\t\t<\/span>\n\t\t\t\t\t\t\t\t\t<span class=\"elementor-icon-list-text elementor-post-info__item elementor-post-info__item--type-date\">\n\t\t\t\t\t\t\t\t\t\t<time>23\/03\/2026<\/time>\t\t\t\t\t<\/span>\n\t\t\t\t\t\t\t\t\t<\/a>\n\t\t\t\t<\/li>\n\t\t\t\t<\/ul>\n\t\t\t\t\t\t<\/div>\n\t\t\t\t<\/div>\n\t\t\t\t<div class=\"elementor-element elementor-element-5867e96 elementor-widget elementor-widget-theme-post-title elementor-page-title elementor-widget-heading\" data-id=\"5867e96\" data-element_type=\"widget\" data-e-type=\"widget\" data-widget_type=\"theme-post-title.default\">\n\t\t\t\t<div class=\"elementor-widget-container\">\n\t\t\t\t\t<h4 class=\"elementor-heading-title elementor-size-default\">Micro-Credentials: A Pathway to Better Employability in European Healthcare<\/h4>\t\t\t\t<\/div>\n\t\t\t\t<\/div>\n\t\t\t\t<div class=\"elementor-element elementor-element-7532d2a elementor-widget elementor-widget-button\" data-id=\"7532d2a\" data-element_type=\"widget\" data-e-type=\"widget\" data-widget_type=\"button.default\">\n\t\t\t\t<div class=\"elementor-widget-container\">\n\t\t\t\t\t\t\t\t\t<div class=\"elementor-button-wrapper\">\n\t\t\t\t\t<a class=\"elementor-button elementor-button-link elementor-size-sm\" href=\"https:\/\/care-ability.eu\/de\/micro-credentials-a-pathway-to-better-employability-in-european-healthcare\/\">\n\t\t\t\t\t\t<span class=\"elementor-button-content-wrapper\">\n\t\t\t\t\t\t\t\t\t<span class=\"elementor-button-text\">weiterlesen<\/span>\n\t\t\t\t\t<\/span>\n\t\t\t\t\t<\/a>\n\t\t\t\t<\/div>\n\t\t\t\t\t\t\t\t<\/div>\n\t\t\t\t<\/div>\n\t\t\t\t<\/div>\n\t\t\t\t\t<\/div>\n\t\t\t\t<\/div>\n\t\t\t\t<\/div>\n\t\t<style id=\"loop-dynamic-926\">.e-loop-item-1137 .elementor-element.elementor-element-3c7ed70:not(.elementor-motion-effects-element-type-background), .e-loop-item-1137 .elementor-element.elementor-element-3c7ed70 > .elementor-motion-effects-container > .elementor-motion-effects-layer{background-image:url(\"https:\/\/care-ability.eu\/wp-content\/uploads\/2026\/02\/WHY-CARE-ABILITY-IS-ESSENTIAL-FOR-EUROPES-CARE-FUTURE.png\");}<\/style>\t\t<div data-elementor-type=\"loop-item\" data-elementor-id=\"926\" class=\"elementor elementor-926 elementor-88 elementor-88 e-loop-item e-loop-item-1137 post-1137 post type-post status-publish format-standard has-post-thumbnail hentry category-11\" data-elementor-post-type=\"elementor_library\" data-custom-edit-handle=\"1\">\n\t\t\t<div class=\"elementor-element elementor-element-3c7ed70 card-zoom e-flex e-con-boxed e-con e-parent\" data-id=\"3c7ed70\" data-element_type=\"container\" data-e-type=\"container\" data-settings=\"{&quot;background_background&quot;:&quot;classic&quot;}\">\n\t\t\t\t\t<div class=\"e-con-inner\">\n\t\t<div class=\"elementor-element elementor-element-c8d7c94 e-con-full e-flex e-con e-child\" data-id=\"c8d7c94\" data-element_type=\"container\" data-e-type=\"container\">\n\t\t\t\t<div class=\"elementor-element elementor-element-1d3d40f elementor-widget elementor-widget-post-info\" data-id=\"1d3d40f\" data-element_type=\"widget\" data-e-type=\"widget\" data-widget_type=\"post-info.default\">\n\t\t\t\t<div class=\"elementor-widget-container\">\n\t\t\t\t\t\t\t<ul class=\"elementor-inline-items elementor-icon-list-items elementor-post-info\">\n\t\t\t\t\t\t\t\t<li class=\"elementor-icon-list-item elementor-repeater-item-c2c3ab2 elementor-inline-item\" itemprop=\"datePublished\">\n\t\t\t\t\t\t<a href=\"https:\/\/care-ability.eu\/de\/2026\/02\/27\/\">\n\t\t\t\t\t\t\t\t\t\t\t<span class=\"elementor-icon-list-icon\">\n\t\t\t\t\t\t\t\t<i aria-hidden=\"true\" class=\"fas fa-calendar\"><\/i>\t\t\t\t\t\t\t<\/span>\n\t\t\t\t\t\t\t\t\t<span class=\"elementor-icon-list-text elementor-post-info__item elementor-post-info__item--type-date\">\n\t\t\t\t\t\t\t\t\t\t<time>27\/02\/2026<\/time>\t\t\t\t\t<\/span>\n\t\t\t\t\t\t\t\t\t<\/a>\n\t\t\t\t<\/li>\n\t\t\t\t<\/ul>\n\t\t\t\t\t\t<\/div>\n\t\t\t\t<\/div>\n\t\t\t\t<div class=\"elementor-element elementor-element-5867e96 elementor-widget elementor-widget-theme-post-title elementor-page-title elementor-widget-heading\" data-id=\"5867e96\" data-element_type=\"widget\" data-e-type=\"widget\" data-widget_type=\"theme-post-title.default\">\n\t\t\t\t<div class=\"elementor-widget-container\">\n\t\t\t\t\t<h4 class=\"elementor-heading-title elementor-size-default\">Why CARE-ABILITY Is Essential for Europe\u2019s Care Future<\/h4>\t\t\t\t<\/div>\n\t\t\t\t<\/div>\n\t\t\t\t<div class=\"elementor-element elementor-element-7532d2a elementor-widget elementor-widget-button\" data-id=\"7532d2a\" data-element_type=\"widget\" data-e-type=\"widget\" data-widget_type=\"button.default\">\n\t\t\t\t<div class=\"elementor-widget-container\">\n\t\t\t\t\t\t\t\t\t<div class=\"elementor-button-wrapper\">\n\t\t\t\t\t<a class=\"elementor-button elementor-button-link elementor-size-sm\" href=\"https:\/\/care-ability.eu\/de\/why-care-ability-is-essential-for-europes-care-future\/\">\n\t\t\t\t\t\t<span class=\"elementor-button-content-wrapper\">\n\t\t\t\t\t\t\t\t\t<span class=\"elementor-button-text\">weiterlesen<\/span>\n\t\t\t\t\t<\/span>\n\t\t\t\t\t<\/a>\n\t\t\t\t<\/div>\n\t\t\t\t\t\t\t\t<\/div>\n\t\t\t\t<\/div>\n\t\t\t\t<\/div>\n\t\t\t\t\t<\/div>\n\t\t\t\t<\/div>\n\t\t\t\t<\/div>\n\t\t<style id=\"loop-dynamic-926\">.e-loop-item-1001 .elementor-element.elementor-element-3c7ed70:not(.elementor-motion-effects-element-type-background), .e-loop-item-1001 .elementor-element.elementor-element-3c7ed70 > .elementor-motion-effects-container > .elementor-motion-effects-layer{background-image:url(\"https:\/\/care-ability.eu\/wp-content\/uploads\/2026\/01\/28.01.26careability_feat.png\");}<\/style>\t\t<div data-elementor-type=\"loop-item\" data-elementor-id=\"926\" class=\"elementor elementor-926 elementor-88 elementor-88 e-loop-item e-loop-item-1001 post-1001 post type-post status-publish format-standard has-post-thumbnail hentry category-11\" data-elementor-post-type=\"elementor_library\" data-custom-edit-handle=\"1\">\n\t\t\t<div class=\"elementor-element elementor-element-3c7ed70 card-zoom e-flex e-con-boxed e-con e-parent\" data-id=\"3c7ed70\" data-element_type=\"container\" data-e-type=\"container\" data-settings=\"{&quot;background_background&quot;:&quot;classic&quot;}\">\n\t\t\t\t\t<div class=\"e-con-inner\">\n\t\t<div class=\"elementor-element elementor-element-c8d7c94 e-con-full e-flex e-con e-child\" data-id=\"c8d7c94\" data-element_type=\"container\" data-e-type=\"container\">\n\t\t\t\t<div class=\"elementor-element elementor-element-1d3d40f elementor-widget elementor-widget-post-info\" data-id=\"1d3d40f\" data-element_type=\"widget\" data-e-type=\"widget\" data-widget_type=\"post-info.default\">\n\t\t\t\t<div class=\"elementor-widget-container\">\n\t\t\t\t\t\t\t<ul class=\"elementor-inline-items elementor-icon-list-items elementor-post-info\">\n\t\t\t\t\t\t\t\t<li class=\"elementor-icon-list-item elementor-repeater-item-c2c3ab2 elementor-inline-item\" itemprop=\"datePublished\">\n\t\t\t\t\t\t<a href=\"https:\/\/care-ability.eu\/de\/2026\/01\/28\/\">\n\t\t\t\t\t\t\t\t\t\t\t<span class=\"elementor-icon-list-icon\">\n\t\t\t\t\t\t\t\t<i aria-hidden=\"true\" class=\"fas fa-calendar\"><\/i>\t\t\t\t\t\t\t<\/span>\n\t\t\t\t\t\t\t\t\t<span class=\"elementor-icon-list-text elementor-post-info__item elementor-post-info__item--type-date\">\n\t\t\t\t\t\t\t\t\t\t<time>28\/01\/2026<\/time>\t\t\t\t\t<\/span>\n\t\t\t\t\t\t\t\t\t<\/a>\n\t\t\t\t<\/li>\n\t\t\t\t<\/ul>\n\t\t\t\t\t\t<\/div>\n\t\t\t\t<\/div>\n\t\t\t\t<div class=\"elementor-element elementor-element-5867e96 elementor-widget elementor-widget-theme-post-title elementor-page-title elementor-widget-heading\" data-id=\"5867e96\" data-element_type=\"widget\" data-e-type=\"widget\" data-widget_type=\"theme-post-title.default\">\n\t\t\t\t<div class=\"elementor-widget-container\">\n\t\t\t\t\t<h4 class=\"elementor-heading-title elementor-size-default\">CARE-ABILITY: Empowering Migrant Women through Vocational Training<\/h4>\t\t\t\t<\/div>\n\t\t\t\t<\/div>\n\t\t\t\t<div class=\"elementor-element elementor-element-7532d2a elementor-widget elementor-widget-button\" data-id=\"7532d2a\" data-element_type=\"widget\" data-e-type=\"widget\" data-widget_type=\"button.default\">\n\t\t\t\t<div class=\"elementor-widget-container\">\n\t\t\t\t\t\t\t\t\t<div class=\"elementor-button-wrapper\">\n\t\t\t\t\t<a class=\"elementor-button elementor-button-link elementor-size-sm\" href=\"https:\/\/care-ability.eu\/de\/care-ability-empowering-migrant-women-through-vocational-training\/\">\n\t\t\t\t\t\t<span class=\"elementor-button-content-wrapper\">\n\t\t\t\t\t\t\t\t\t<span class=\"elementor-button-text\">weiterlesen<\/span>\n\t\t\t\t\t<\/span>\n\t\t\t\t\t<\/a>\n\t\t\t\t<\/div>\n\t\t\t\t\t\t\t\t<\/div>\n\t\t\t\t<\/div>\n\t\t\t\t<\/div>\n\t\t\t\t\t<\/div>\n\t\t\t\t<\/div>\n\t\t\t\t<\/div>\n\t\t\t\t<\/div>\n\t\t\n\t\t\t\t\t\t<\/div>\n\t\t\t\t<\/div>\n\t\t\t\t\t<\/div>\n\t\t\t\t<\/div>\n\t\t\t\t<\/div>\n\t\t","protected":false},"excerpt":{"rendered":"<p>Aktuelles In diesem Bereich werden regelm\u00e4\u00dfig Artikel zu Neuigkeiten und Aktivit\u00e4ten des Projekts ver\u00f6ffentlicht. Sie informieren \u00fcber laufende Ma\u00dfnahmen, wichtige Meilensteine, Veranstaltungen sowie neu entwickelte Ergebnisse. Die Rubrik h\u00e4lt Interessierte und die breite \u00d6ffentlichkeit w\u00e4hrend der gesamten Projektlaufzeit \u00fcber den Fortschritt und die zentralen Erfolge von CARE-ABILITY auf dem Laufenden.<\/p>\n","protected":false},"author":3,"featured_media":638,"parent":0,"menu_order":0,"comment_status":"closed","ping_status":"closed","template":"","meta":{"footnotes":""},"class_list":["post-847","page","type-page","status-publish","has-post-thumbnail","hentry"],"_links":{"self":[{"href":"https:\/\/care-ability.eu\/de\/wp-json\/wp\/v2\/pages\/847","targetHints":{"allow":["GET"]}}],"collection":[{"href":"https:\/\/care-ability.eu\/de\/wp-json\/wp\/v2\/pages"}],"about":[{"href":"https:\/\/care-ability.eu\/de\/wp-json\/wp\/v2\/types\/page"}],"author":[{"embeddable":true,"href":"https:\/\/care-ability.eu\/de\/wp-json\/wp\/v2\/users\/3"}],"replies":[{"embeddable":true,"href":"https:\/\/care-ability.eu\/de\/wp-json\/wp\/v2\/comments?post=847"}],"version-history":[{"count":1,"href":"https:\/\/care-ability.eu\/de\/wp-json\/wp\/v2\/pages\/847\/revisions"}],"predecessor-version":[{"id":848,"href":"https:\/\/care-ability.eu\/de\/wp-json\/wp\/v2\/pages\/847\/revisions\/848"}],"wp:featuredmedia":[{"embeddable":true,"href":"https:\/\/care-ability.eu\/de\/wp-json\/wp\/v2\/media\/638"}],"wp:attachment":[{"href":"https:\/\/care-ability.eu\/de\/wp-json\/wp\/v2\/media?parent=847"}],"curies":[{"name":"wp","href":"https:\/\/api.w.org\/{rel}","templated":true}]}}