{"id":845,"date":"2026-01-27T10:41:46","date_gmt":"2026-01-27T10:41:46","guid":{"rendered":"https:\/\/care-ability.eu\/veranstaltungen\/"},"modified":"2026-01-27T10:41:46","modified_gmt":"2026-01-27T10:41:46","slug":"veranstaltungen","status":"publish","type":"page","link":"https:\/\/care-ability.eu\/de\/veranstaltungen\/","title":{"rendered":"Veranstaltungen"},"content":{"rendered":"\t\t<div data-elementor-type=\"wp-page\" data-elementor-id=\"845\" class=\"elementor elementor-845 elementor-27\" data-elementor-post-type=\"page\">\n\t\t\t\t<div class=\"elementor-element elementor-element-372bb3f e-flex e-con-boxed e-con e-parent\" data-id=\"372bb3f\" data-element_type=\"container\" data-e-type=\"container\">\n\t\t\t\t\t<div class=\"e-con-inner\">\n\t\t\t\t<div class=\"elementor-element elementor-element-9cd3c31 elementor-widget elementor-widget-image\" data-id=\"9cd3c31\" data-element_type=\"widget\" data-e-type=\"widget\" data-widget_type=\"image.default\">\n\t\t\t\t<div class=\"elementor-widget-container\">\n\t\t\t\t\t\t\t\t\t\t\t\t\t\t\t<img fetchpriority=\"high\" decoding=\"async\" width=\"1558\" height=\"322\" src=\"https:\/\/care-ability.eu\/wp-content\/uploads\/2025\/11\/careability-events-image.png\" class=\"attachment-full size-full wp-image-574\" alt=\"\" srcset=\"https:\/\/care-ability.eu\/wp-content\/uploads\/2025\/11\/careability-events-image.png 1558w, https:\/\/care-ability.eu\/wp-content\/uploads\/2025\/11\/careability-events-image-300x62.png 300w, https:\/\/care-ability.eu\/wp-content\/uploads\/2025\/11\/careability-events-image-1024x212.png 1024w, https:\/\/care-ability.eu\/wp-content\/uploads\/2025\/11\/careability-events-image-768x159.png 768w, https:\/\/care-ability.eu\/wp-content\/uploads\/2025\/11\/careability-events-image-1536x317.png 1536w\" sizes=\"(max-width: 1558px) 100vw, 1558px\" \/>\t\t\t\t\t\t\t\t\t\t\t\t\t\t\t<\/div>\n\t\t\t\t<\/div>\n\t\t\t\t<div class=\"elementor-element elementor-element-c9fe3ec elementor-widget elementor-widget-heading\" data-id=\"c9fe3ec\" data-element_type=\"widget\" data-e-type=\"widget\" data-widget_type=\"heading.default\">\n\t\t\t\t<div class=\"elementor-widget-container\">\n\t\t\t\t\t<h2 class=\"elementor-heading-title elementor-size-default\">Veranstaltungen<\/h2>\t\t\t\t<\/div>\n\t\t\t\t<\/div>\n\t\t\t\t<div class=\"elementor-element elementor-element-aa7958b elementor-widget__width-initial elementor-widget elementor-widget-text-editor\" data-id=\"aa7958b\" data-element_type=\"widget\" data-e-type=\"widget\" data-widget_type=\"text-editor.default\">\n\t\t\t\t<div class=\"elementor-widget-container\">\n\t\t\t\t\t\t\t\t\t<p>Im Rahmen des CARE-ABILITY-Projekts organisieren die Partner:innen Workshops, Trainings, Konferenzen und Community-Aktivit\u00e4ten, die Lernen, Zusammenarbeit und Sichtbarkeit f\u00f6rdern. In diesem Bereich finden Sie alle Veranstaltungen, die europaweit durchgef\u00fchrt wurden, mit einem Fokus auf die Arbeit mit Frauen mit Migrationsbiografie, Berufsbildungstr\u00e4ger sowie weiteren Akteur:innen im Sozial- und Gesundheitsbereich.<\/p>\n\t\t\t\t\t\t\t\t<\/div>\n\t\t\t\t<\/div>\n\t\t\t\t<div class=\"elementor-element elementor-element-c715055 elementor-widget elementor-widget-heading\" data-id=\"c715055\" data-element_type=\"widget\" data-e-type=\"widget\" data-widget_type=\"heading.default\">\n\t\t\t\t<div class=\"elementor-widget-container\">\n\t\t\t\t\t<h2 class=\"elementor-heading-title elementor-size-default\">Demn\u00e4chst verf\u00fcgbar<\/h2>\t\t\t\t<\/div>\n\t\t\t\t<\/div>\n\t\t\t\t\t<\/div>\n\t\t\t\t<\/div>\n\t\t\t\t<\/div>\n\t\t","protected":false},"excerpt":{"rendered":"<p>Veranstaltungen Im Rahmen des CARE-ABILITY-Projekts organisieren die Partner:innen Workshops, Trainings, Konferenzen und Community-Aktivit\u00e4ten, die Lernen, Zusammenarbeit und Sichtbarkeit f\u00f6rdern. In diesem Bereich finden Sie alle Veranstaltungen, die europaweit durchgef\u00fchrt wurden, mit einem Fokus auf die Arbeit mit Frauen mit Migrationsbiografie, Berufsbildungstr\u00e4ger sowie weiteren Akteur:innen im Sozial- und Gesundheitsbereich. Demn\u00e4chst verf\u00fcgbar<\/p>\n","protected":false},"author":3,"featured_media":658,"parent":0,"menu_order":0,"comment_status":"closed","ping_status":"closed","template":"","meta":{"footnotes":""},"class_list":["post-845","page","type-page","status-publish","has-post-thumbnail","hentry"],"_links":{"self":[{"href":"https:\/\/care-ability.eu\/de\/wp-json\/wp\/v2\/pages\/845","targetHints":{"allow":["GET"]}}],"collection":[{"href":"https:\/\/care-ability.eu\/de\/wp-json\/wp\/v2\/pages"}],"about":[{"href":"https:\/\/care-ability.eu\/de\/wp-json\/wp\/v2\/types\/page"}],"author":[{"embeddable":true,"href":"https:\/\/care-ability.eu\/de\/wp-json\/wp\/v2\/users\/3"}],"replies":[{"embeddable":true,"href":"https:\/\/care-ability.eu\/de\/wp-json\/wp\/v2\/comments?post=845"}],"version-history":[{"count":1,"href":"https:\/\/care-ability.eu\/de\/wp-json\/wp\/v2\/pages\/845\/revisions"}],"predecessor-version":[{"id":846,"href":"https:\/\/care-ability.eu\/de\/wp-json\/wp\/v2\/pages\/845\/revisions\/846"}],"wp:featuredmedia":[{"embeddable":true,"href":"https:\/\/care-ability.eu\/de\/wp-json\/wp\/v2\/media\/658"}],"wp:attachment":[{"href":"https:\/\/care-ability.eu\/de\/wp-json\/wp\/v2\/media?parent=845"}],"curies":[{"name":"wp","href":"https:\/\/api.w.org\/{rel}","templated":true}]}}