{"id":837,"date":"2026-01-27T10:26:07","date_gmt":"2026-01-27T10:26:07","guid":{"rendered":"https:\/\/care-ability.eu\/ergebnisse\/"},"modified":"2026-01-27T10:26:08","modified_gmt":"2026-01-27T10:26:08","slug":"ergebnisse","status":"publish","type":"page","link":"https:\/\/care-ability.eu\/de\/ergebnisse\/","title":{"rendered":"Ergebnisse"},"content":{"rendered":"\t\t<div data-elementor-type=\"wp-page\" data-elementor-id=\"837\" class=\"elementor elementor-837 elementor-19\" data-elementor-post-type=\"page\">\n\t\t\t\t<div class=\"elementor-element elementor-element-7121393 e-flex e-con-boxed e-con e-parent\" data-id=\"7121393\" data-element_type=\"container\" data-e-type=\"container\">\n\t\t\t\t\t<div class=\"e-con-inner\">\n\t\t\t\t<div class=\"elementor-element elementor-element-3a8c2ca elementor-widget elementor-widget-image\" data-id=\"3a8c2ca\" data-element_type=\"widget\" data-e-type=\"widget\" data-widget_type=\"image.default\">\n\t\t\t\t<div class=\"elementor-widget-container\">\n\t\t\t\t\t\t\t\t\t\t\t\t\t\t\t<img fetchpriority=\"high\" decoding=\"async\" width=\"1538\" height=\"322\" src=\"https:\/\/care-ability.eu\/wp-content\/uploads\/2025\/11\/careability-results-image.png\" class=\"attachment-full size-full wp-image-558\" alt=\"\" srcset=\"https:\/\/care-ability.eu\/wp-content\/uploads\/2025\/11\/careability-results-image.png 1538w, https:\/\/care-ability.eu\/wp-content\/uploads\/2025\/11\/careability-results-image-300x63.png 300w, https:\/\/care-ability.eu\/wp-content\/uploads\/2025\/11\/careability-results-image-1024x214.png 1024w, https:\/\/care-ability.eu\/wp-content\/uploads\/2025\/11\/careability-results-image-768x161.png 768w, https:\/\/care-ability.eu\/wp-content\/uploads\/2025\/11\/careability-results-image-1536x322.png 1536w\" sizes=\"(max-width: 1538px) 100vw, 1538px\" \/>\t\t\t\t\t\t\t\t\t\t\t\t\t\t\t<\/div>\n\t\t\t\t<\/div>\n\t\t\t\t<div class=\"elementor-element elementor-element-a5db2fd elementor-widget elementor-widget-heading\" data-id=\"a5db2fd\" data-element_type=\"widget\" data-e-type=\"widget\" data-widget_type=\"heading.default\">\n\t\t\t\t<div class=\"elementor-widget-container\">\n\t\t\t\t\t<h2 class=\"elementor-heading-title elementor-size-default\">Ergebnisse<\/h2>\t\t\t\t<\/div>\n\t\t\t\t<\/div>\n\t\t\t\t\t<\/div>\n\t\t\t\t<\/div>\n\t\t<div class=\"elementor-element elementor-element-c7ca967 e-flex e-con-boxed e-con e-parent\" data-id=\"c7ca967\" data-element_type=\"container\" data-e-type=\"container\">\n\t\t\t\t\t<div class=\"e-con-inner\">\n\t\t<div class=\"elementor-element elementor-element-1e39ca5 e-con-full e-flex e-con e-child\" data-id=\"1e39ca5\" data-element_type=\"container\" data-e-type=\"container\" id=\"BPHA\" data-settings=\"{&quot;background_background&quot;:&quot;classic&quot;}\">\n\t\t\t\t<div class=\"elementor-element elementor-element-3553ef2 elementor-widget elementor-widget-image\" data-id=\"3553ef2\" data-element_type=\"widget\" data-e-type=\"widget\" data-widget_type=\"image.default\">\n\t\t\t\t<div class=\"elementor-widget-container\">\n\t\t\t\t\t\t\t\t\t\t\t\t\t\t\t<img decoding=\"async\" width=\"731\" height=\"661\" src=\"https:\/\/care-ability.eu\/wp-content\/uploads\/2025\/11\/Best-Practices-Handbook-image.png\" class=\"attachment-large size-large wp-image-670\" alt=\"\" srcset=\"https:\/\/care-ability.eu\/wp-content\/uploads\/2025\/11\/Best-Practices-Handbook-image.png 731w, https:\/\/care-ability.eu\/wp-content\/uploads\/2025\/11\/Best-Practices-Handbook-image-300x271.png 300w\" sizes=\"(max-width: 731px) 100vw, 731px\" \/>\t\t\t\t\t\t\t\t\t\t\t\t\t\t\t<\/div>\n\t\t\t\t<\/div>\n\t\t\t\t<div class=\"elementor-element elementor-element-005847b elementor-widget elementor-widget-heading\" data-id=\"005847b\" data-element_type=\"widget\" data-e-type=\"widget\" data-widget_type=\"heading.default\">\n\t\t\t\t<div class=\"elementor-widget-container\">\n\t\t\t\t\t<h3 class=\"elementor-heading-title elementor-size-default\">Best-Practice-Handbuch<\/h3>\t\t\t\t<\/div>\n\t\t\t\t<\/div>\n\t\t\t\t<div class=\"elementor-element elementor-element-95bf9cf elementor-widget elementor-widget-text-editor\" data-id=\"95bf9cf\" data-element_type=\"widget\" data-e-type=\"widget\" data-widget_type=\"text-editor.default\">\n\t\t\t\t<div class=\"elementor-widget-container\">\n\t\t\t\t\t\t\t\t\t<p>Das Best-Practice-Handbuch b\u00fcndelt die wirksamsten Methoden, Erkenntnisse und praxisnahe Beispiele zur F\u00f6rderung des Lernens, der Integration und der Besch\u00e4ftigungsf\u00e4higkeit von Frauen mit Migrationsbiografie im Pflegebereich. Es bietet praxisorientierte Orientierung f\u00fcr Anbieter:innen beruflicher Aus- und Weiterbildung, Trainer:innen sowie Organisationen, die mit unterschiedlichen Lerngruppen arbeiten, und zeigt auf, was in inklusiver Berufsbildung tats\u00e4chlich funktioniert.<\/p>\n<p>Der digitale Leitfaden ist einfach aufgebaut und leicht zu nutzen. Er hilft Fachkr\u00e4ften im Bildungsbereich dabei, ihre Angebote zu verbessern und Lernende praxisnah und bedarfsorientiert zu unterst\u00fctzen.<\/p>\n\t\t\t\t\t\t\t\t<\/div>\n\t\t\t\t<\/div>\n\t\t\t\t<\/div>\n\t\t<div class=\"elementor-element elementor-element-5219091 e-con-full e-flex e-con e-child\" data-id=\"5219091\" data-element_type=\"container\" data-e-type=\"container\" id=\"AISAT\" data-settings=\"{&quot;background_background&quot;:&quot;classic&quot;}\">\n\t\t\t\t<div class=\"elementor-element elementor-element-c483740 elementor-widget elementor-widget-image\" data-id=\"c483740\" data-element_type=\"widget\" data-e-type=\"widget\" data-widget_type=\"image.default\">\n\t\t\t\t<div class=\"elementor-widget-container\">\n\t\t\t\t\t\t\t\t\t\t\t\t\t\t\t<img decoding=\"async\" width=\"731\" height=\"661\" src=\"https:\/\/care-ability.eu\/wp-content\/uploads\/2025\/11\/AI-Self-Assessment-Tool-image.png\" class=\"attachment-large size-large wp-image-674\" alt=\"\" srcset=\"https:\/\/care-ability.eu\/wp-content\/uploads\/2025\/11\/AI-Self-Assessment-Tool-image.png 731w, https:\/\/care-ability.eu\/wp-content\/uploads\/2025\/11\/AI-Self-Assessment-Tool-image-300x271.png 300w\" sizes=\"(max-width: 731px) 100vw, 731px\" \/>\t\t\t\t\t\t\t\t\t\t\t\t\t\t\t<\/div>\n\t\t\t\t<\/div>\n\t\t\t\t<div class=\"elementor-element elementor-element-2963577 elementor-widget elementor-widget-heading\" data-id=\"2963577\" data-element_type=\"widget\" data-e-type=\"widget\" data-widget_type=\"heading.default\">\n\t\t\t\t<div class=\"elementor-widget-container\">\n\t\t\t\t\t<h3 class=\"elementor-heading-title elementor-size-default\">KI-Selbsteinsch\u00e4tzungstool<\/h3>\t\t\t\t<\/div>\n\t\t\t\t<\/div>\n\t\t\t\t<div class=\"elementor-element elementor-element-41cf5db elementor-widget elementor-widget-text-editor\" data-id=\"41cf5db\" data-element_type=\"widget\" data-e-type=\"widget\" data-widget_type=\"text-editor.default\">\n\t\t\t\t<div class=\"elementor-widget-container\">\n\t\t\t\t\t\t\t\t\t<p>Das KI-Selbsteinsch\u00e4tzungstool bietet allen Nutzer:innen einen pers\u00f6nlichen Einstieg. In einfachen und angeleiteten Schritten hilft das Tool dabei, vorhandene Kompetenzen zu erkennen, Lernbedarfe festzustellen und passende Lernwege zu empfehlen \u2013 sowohl f\u00fcr neue Lernende als auch f\u00fcr erfahrene Trainer:innen in der Berufsbildung.<\/p>\n<p>Durch den Einsatz von K\u00fcnstlicher Intelligenz erhalten Nutzer:innen gezieltes und hilfreiches Feedback. Das spart Zeit und st\u00e4rkt das Selbstvertrauen. Das Tool ist ein wichtiger erster Schritt zum Trainingsprogramm und unterst\u00fctzt dabei, klar zu verstehen, welche n\u00e4chsten Lernschritte sinnvoll sind.<\/p>\n\t\t\t\t\t\t\t\t<\/div>\n\t\t\t\t<\/div>\n\t\t\t\t<\/div>\n\t\t\t\t\t<\/div>\n\t\t\t\t<\/div>\n\t\t<div class=\"elementor-element elementor-element-c3b1479 e-flex e-con-boxed e-con e-parent\" data-id=\"c3b1479\" data-element_type=\"container\" data-e-type=\"container\">\n\t\t\t\t\t<div class=\"e-con-inner\">\n\t\t<div class=\"elementor-element elementor-element-0e8f3e2 e-con-full e-flex e-con e-child\" data-id=\"0e8f3e2\" data-element_type=\"container\" data-e-type=\"container\" id=\"AIDGLT\" data-settings=\"{&quot;background_background&quot;:&quot;classic&quot;}\">\n\t\t\t\t<div class=\"elementor-element elementor-element-b74178f elementor-widget elementor-widget-image\" data-id=\"b74178f\" data-element_type=\"widget\" data-e-type=\"widget\" data-widget_type=\"image.default\">\n\t\t\t\t<div class=\"elementor-widget-container\">\n\t\t\t\t\t\t\t\t\t\t\t\t\t\t\t<img loading=\"lazy\" decoding=\"async\" width=\"731\" height=\"661\" src=\"https:\/\/care-ability.eu\/wp-content\/uploads\/2025\/11\/AI-driven-Gamified-Learning-Tool-image.png\" class=\"attachment-large size-large wp-image-678\" alt=\"\" srcset=\"https:\/\/care-ability.eu\/wp-content\/uploads\/2025\/11\/AI-driven-Gamified-Learning-Tool-image.png 731w, https:\/\/care-ability.eu\/wp-content\/uploads\/2025\/11\/AI-driven-Gamified-Learning-Tool-image-300x271.png 300w\" sizes=\"(max-width: 731px) 100vw, 731px\" \/>\t\t\t\t\t\t\t\t\t\t\t\t\t\t\t<\/div>\n\t\t\t\t<\/div>\n\t\t\t\t<div class=\"elementor-element elementor-element-986d184 elementor-widget elementor-widget-heading\" data-id=\"986d184\" data-element_type=\"widget\" data-e-type=\"widget\" data-widget_type=\"heading.default\">\n\t\t\t\t<div class=\"elementor-widget-container\">\n\t\t\t\t\t<h3 class=\"elementor-heading-title elementor-size-default\">KI-gest\u00fctztes gamifiziertes Lern-Tool<\/h3>\t\t\t\t<\/div>\n\t\t\t\t<\/div>\n\t\t\t\t<div class=\"elementor-element elementor-element-1ec1b06 elementor-widget elementor-widget-text-editor\" data-id=\"1ec1b06\" data-element_type=\"widget\" data-e-type=\"widget\" data-widget_type=\"text-editor.default\">\n\t\t\t\t<div class=\"elementor-widget-container\">\n\t\t\t\t\t\t\t\t\t<p>Das KI-gest\u00fctzte, gamifizierte Lern-Tool macht das Training spannend und motivierend. Mit interaktiven Aufgaben, kleinen Belohnungen und personalisierten Herausforderungen bleiben Lernende aktiv und engagiert. Gleichzeitig werden wichtige Kompetenzen im Pflegebereich gest\u00e4rkt.<\/p>\n<p>Dank K\u00fcnstlicher Intelligenz passt sich das Tool an das individuelle Lerntempo und die Bed\u00fcrfnisse der Nutzer:innen an. So wird Lernen inklusiv, angenehm und effektiv \u2013 sowohl f\u00fcr Frauen mit Migrationsbiografie als auch f\u00fcr Trainer:innen in der Berufsbildung. Das Tool bringt digitale Weiterbildung auf eine lebendige Weise n\u00e4her und unterst\u00fctzt die Kompetenzentwicklung auf nat\u00fcrliche und st\u00e4rkende Art.<\/p>\n\t\t\t\t\t\t\t\t<\/div>\n\t\t\t\t<\/div>\n\t\t\t\t<\/div>\n\t\t<div class=\"elementor-element elementor-element-8c36841 e-con-full e-flex e-con e-child\" data-id=\"8c36841\" data-element_type=\"container\" data-e-type=\"container\" id=\"TRPR\" data-settings=\"{&quot;background_background&quot;:&quot;classic&quot;}\">\n\t\t\t\t<div class=\"elementor-element elementor-element-8f114e3 elementor-widget elementor-widget-image\" data-id=\"8f114e3\" data-element_type=\"widget\" data-e-type=\"widget\" data-widget_type=\"image.default\">\n\t\t\t\t<div class=\"elementor-widget-container\">\n\t\t\t\t\t\t\t\t\t\t\t\t\t\t\t<img loading=\"lazy\" decoding=\"async\" width=\"731\" height=\"661\" src=\"https:\/\/care-ability.eu\/wp-content\/uploads\/2025\/11\/Training-Programme-image.png\" class=\"attachment-large size-large wp-image-666\" alt=\"\" srcset=\"https:\/\/care-ability.eu\/wp-content\/uploads\/2025\/11\/Training-Programme-image.png 731w, https:\/\/care-ability.eu\/wp-content\/uploads\/2025\/11\/Training-Programme-image-300x271.png 300w\" sizes=\"(max-width: 731px) 100vw, 731px\" \/>\t\t\t\t\t\t\t\t\t\t\t\t\t\t\t<\/div>\n\t\t\t\t<\/div>\n\t\t\t\t<div class=\"elementor-element elementor-element-cc2d599 elementor-widget elementor-widget-heading\" data-id=\"cc2d599\" data-element_type=\"widget\" data-e-type=\"widget\" data-widget_type=\"heading.default\">\n\t\t\t\t<div class=\"elementor-widget-container\">\n\t\t\t\t\t<h3 class=\"elementor-heading-title elementor-size-default\">Trainingsprogramm<\/h3>\t\t\t\t<\/div>\n\t\t\t\t<\/div>\n\t\t\t\t<div class=\"elementor-element elementor-element-4d35fe1 elementor-widget elementor-widget-text-editor\" data-id=\"4d35fe1\" data-element_type=\"widget\" data-e-type=\"widget\" data-widget_type=\"text-editor.default\">\n\t\t\t\t<div class=\"elementor-widget-container\">\n\t\t\t\t\t\t\t\t\t<p>Das Trainingsprogramm bietet einen klaren, flexiblen und gut zug\u00e4nglichen Lernweg f\u00fcr Frauen mit Migrationsbiografie und Trainer:innen in der Berufsbildung. Es verbindet digitale Lernmodule, praxisnahe Kompetenzen und inklusive Lehrmethoden, die auf die Bed\u00fcrfnisse des Sozial- und Gesundheitsbereichs abgestimmt sind.<\/p>\n<p>Mit Unterst\u00fctzung des <strong>KI-Selbsteinsch\u00e4tzungstools<\/strong> werden Nutzer:innen gezielt zu den Lerninhalten gef\u00fchrt, die zu ihrem Profil und ihrer Erfahrung passen \u2013 egal, ob sie neu in den Pflegebereich einsteigen oder ihre Lehrkompetenzen weiterentwickeln m\u00f6chten. Das Programm umfasst au\u00dferdem das <strong>Trainer:innen-Ressourcen-Toolkit<\/strong> mit sofort einsetzbaren Materialien und praktischen Anleitungen.<\/p>\n<p>Gemeinsam schaffen diese Elemente ein motivierendes, personalisiertes und unterst\u00fctzendes Lernerlebnis, das zu realen beruflichen Perspektiven und gest\u00e4rkter fachlicher Kompetenz f\u00fchrt.<\/p>\n\t\t\t\t\t\t\t\t<\/div>\n\t\t\t\t<\/div>\n\t\t\t\t<\/div>\n\t\t\t\t\t<\/div>\n\t\t\t\t<\/div>\n\t\t\t\t<\/div>\n\t\t","protected":false},"excerpt":{"rendered":"<p>Ergebnisse Best-Practice-Handbuch Das Best-Practice-Handbuch b\u00fcndelt die wirksamsten Methoden, Erkenntnisse und praxisnahe Beispiele zur F\u00f6rderung des Lernens, der Integration und der Besch\u00e4ftigungsf\u00e4higkeit von Frauen mit Migrationsbiografie im Pflegebereich. Es bietet praxisorientierte Orientierung f\u00fcr Anbieter:innen beruflicher Aus- und Weiterbildung, Trainer:innen sowie Organisationen, die mit unterschiedlichen Lerngruppen arbeiten, und zeigt auf, was in inklusiver Berufsbildung tats\u00e4chlich funktioniert. Der [&hellip;]<\/p>\n","protected":false},"author":3,"featured_media":646,"parent":0,"menu_order":0,"comment_status":"closed","ping_status":"closed","template":"","meta":{"footnotes":""},"class_list":["post-837","page","type-page","status-publish","has-post-thumbnail","hentry"],"_links":{"self":[{"href":"https:\/\/care-ability.eu\/de\/wp-json\/wp\/v2\/pages\/837","targetHints":{"allow":["GET"]}}],"collection":[{"href":"https:\/\/care-ability.eu\/de\/wp-json\/wp\/v2\/pages"}],"about":[{"href":"https:\/\/care-ability.eu\/de\/wp-json\/wp\/v2\/types\/page"}],"author":[{"embeddable":true,"href":"https:\/\/care-ability.eu\/de\/wp-json\/wp\/v2\/users\/3"}],"replies":[{"embeddable":true,"href":"https:\/\/care-ability.eu\/de\/wp-json\/wp\/v2\/comments?post=837"}],"version-history":[{"count":1,"href":"https:\/\/care-ability.eu\/de\/wp-json\/wp\/v2\/pages\/837\/revisions"}],"predecessor-version":[{"id":838,"href":"https:\/\/care-ability.eu\/de\/wp-json\/wp\/v2\/pages\/837\/revisions\/838"}],"wp:featuredmedia":[{"embeddable":true,"href":"https:\/\/care-ability.eu\/de\/wp-json\/wp\/v2\/media\/646"}],"wp:attachment":[{"href":"https:\/\/care-ability.eu\/de\/wp-json\/wp\/v2\/media?parent=837"}],"curies":[{"name":"wp","href":"https:\/\/api.w.org\/{rel}","templated":true}]}}